{"id":410,"date":"2017-11-20T15:05:36","date_gmt":"2017-11-20T09:20:36","guid":{"rendered":"https:\/\/raratheme.com\/preview\/travel-agency-pro\/about-us\/"},"modified":"2024-10-12T16:03:21","modified_gmt":"2024-10-12T19:03:21","slug":"about-us","status":"publish","type":"page","link":"https:\/\/miviajeamendoza.com\/index.php\/home\/about-us\/","title":{"rendered":"Sobre nosotros"},"content":{"rendered":"\n<h1 class=\"wp-block-heading\">Nuestro equipo<\/h1>\n\n\n\n<p><strong>\u00bfQui\u00e9nes somos?<\/strong><\/p>\n\n\n\n<p>Somos un tour operador con sede en la ciudad de Mendoza proporcionando una gama de servicios tur\u00edsticos integrales, profesionales, fiables, de alta calidad y de forma personalizada, buscando cumplir con las expectativas de nuestros clientes y superarlas.<\/p>\n\n\n\n<p>Nos encontramos inscriptos en el Registro Nacional de Agencias de Viajes como &#8220;Mi viaje a Mendoza&#8221; Legajo N\u00b0 <strong>18.969<\/strong>. <\/p>\n\n\n\n<p><strong>\u00bfA qu\u00e9 nos dedicamos?<\/strong><\/p>\n\n\n\n<p>Nos dedicamos al dise\u00f1o de experiencias a medida combinando lo mejor de nuestros vinos y cocina en el entorno de la cordillera de los Andes creando as\u00ed d\u00edas memorables en los pasajeros que nos visitan.<\/p>\n\n\n\n<p><strong>\u00bfC\u00f3mo lo hacemos?<\/strong><\/p>\n\n\n\n<p>El cumplimiento cabal de lo que ofrecemos, es a trav\u00e9s de una cuidadosa labor de selecci\u00f3n y supervisi\u00f3n de proveedores y personal. Tenemos en cuenta todos los detalles para lograr una calidad de servicio que nos distingue en el mercado.&nbsp;<\/p>\n\n\n\n<p>\u00a1Somos mendocinos apasionados por nuestro trabajo y queremos invitarlos a explorar la tierra del sol y del buen vino con nosotros!.<\/p>\n\n\n\n<p class=\"has-text-align-center has-white-color has-text-color has-background has-link-color wp-elements-b50bf246c3bed3a92c849b46014d14de\" style=\"background:linear-gradient(135deg,rgb(254,205,165) 0%,rgb(254,45,45) 11%,rgb(107,0,62) 55%)\"><strong>\u00bfD\u00f3nde pueden encontrarnos?<\/strong><\/p>\n\n\n\n<p>Contamos con oficinas de atenci\u00f3n presencial dentro de&nbsp; los principales hoteles de la Ciudad de Mendoza.&nbsp;<\/p>\n\n\n\n<p>Oficina comercial Ciudad de Mendoza: Av. Per\u00fa 1052, M5500 Mendoza<\/p>\n\n\n\n<p>Hotel Sheraton: Primitivo de la Reta 989, M5500 Mendoza<\/p>\n\n\n\n<p>Hotel The Mod: Jos\u00e9, Federico Moreno 1230, M5500 Mendoza<\/p>\n\n\n\n<p>Hotel Huentala: AEK, Primitivo de la Reta 1007, M5500 Mendoza<\/p>\n\n\n\n\n\n\n\n<p class=\"has-text-align-center has-white-color has-text-color has-background has-link-color wp-elements-095c1e57172d75c4aa6e992a3a2b7e66\" style=\"background:linear-gradient(90deg,rgb(254,205,165) 0%,rgb(254,45,45) 0%,rgb(107,0,62) 64%)\"><strong>A su vez contamos con atenci\u00f3n virtual a trav\u00e9s de nuestros medios de contacto.<\/strong><\/p>\n\n\n\n<ul class=\"wp-block-social-links has-visible-labels is-style-pill-shape is-content-justification-center is-layout-flex wp-container-core-social-links-is-layout-16018d1d wp-block-social-links-is-layout-flex\"><li class=\"wp-social-link wp-social-link-chain  wp-block-social-link\"><a href=\"https:\/\/miviajeamendoza.com\/index.php\/contact-us\/\" class=\"wp-block-social-link-anchor\"><svg width=\"24\" height=\"24\" viewBox=\"0 0 24 24\" version=\"1.1\" xmlns=\"http:\/\/www.w3.org\/2000\/svg\" aria-hidden=\"true\" focusable=\"false\"><path d=\"M15.6,7.2H14v1.5h1.6c2,0,3.7,1.7,3.7,3.7s-1.7,3.7-3.7,3.7H14v1.5h1.6c2.8,0,5.2-2.3,5.2-5.2,0-2.9-2.3-5.2-5.2-5.2zM4.7,12.4c0-2,1.7-3.7,3.7-3.7H10V7.2H8.4c-2.9,0-5.2,2.3-5.2,5.2,0,2.9,2.3,5.2,5.2,5.2H10v-1.5H8.4c-2,0-3.7-1.7-3.7-3.7zm4.6.9h5.3v-1.5H9.3v1.5z\"><\/path><\/svg><span class=\"wp-block-social-link-label\">Ver contactos<\/span><\/a><\/li><\/ul>\n","protected":false},"excerpt":{"rendered":"<p>Nuestro equipo \u00bfQui\u00e9nes somos? Somos un tour operador con sede en la ciudad de Mendoza proporcionando una gama de servicios tur\u00edsticos integrales, profesionales, fiables, de alta calidad y de forma personalizada, buscando cumplir con las expectativas de nuestros clientes y superarlas. Nos encontramos inscriptos en &hellip; <\/p>\n","protected":false},"author":1,"featured_media":10840,"parent":36,"menu_order":0,"comment_status":"closed","ping_status":"closed","template":"","meta":{"footnotes":""},"class_list":["post-410","page","type-page","status-publish","has-post-thumbnail","hentry"],"_links":{"self":[{"href":"https:\/\/miviajeamendoza.com\/index.php\/wp-json\/wp\/v2\/pages\/410","targetHints":{"allow":["GET"]}}],"collection":[{"href":"https:\/\/miviajeamendoza.com\/index.php\/wp-json\/wp\/v2\/pages"}],"about":[{"href":"https:\/\/miviajeamendoza.com\/index.php\/wp-json\/wp\/v2\/types\/page"}],"author":[{"embeddable":true,"href":"https:\/\/miviajeamendoza.com\/index.php\/wp-json\/wp\/v2\/users\/1"}],"replies":[{"embeddable":true,"href":"https:\/\/miviajeamendoza.com\/index.php\/wp-json\/wp\/v2\/comments?post=410"}],"version-history":[{"count":9,"href":"https:\/\/miviajeamendoza.com\/index.php\/wp-json\/wp\/v2\/pages\/410\/revisions"}],"predecessor-version":[{"id":11501,"href":"https:\/\/miviajeamendoza.com\/index.php\/wp-json\/wp\/v2\/pages\/410\/revisions\/11501"}],"up":[{"embeddable":true,"href":"https:\/\/miviajeamendoza.com\/index.php\/wp-json\/wp\/v2\/pages\/36"}],"wp:featuredmedia":[{"embeddable":true,"href":"https:\/\/miviajeamendoza.com\/index.php\/wp-json\/wp\/v2\/media\/10840"}],"wp:attachment":[{"href":"https:\/\/miviajeamendoza.com\/index.php\/wp-json\/wp\/v2\/media?parent=410"}],"curies":[{"name":"wp","href":"https:\/\/api.w.org\/{rel}","templated":true}]}}