{"id":158,"date":"2017-11-13T05:42:26","date_gmt":"2017-11-13T05:42:26","guid":{"rendered":"https:\/\/raratheme.com\/preview\/travel-agency-pro\/?page_id=158"},"modified":"2024-06-08T15:44:31","modified_gmt":"2024-06-08T18:44:31","slug":"trip-types-2","status":"publish","type":"page","link":"https:\/\/miviajeamendoza.com\/index.php\/trip-types-2\/","title":{"rendered":"Tipos de Tours"},"content":{"rendered":"\n<p>Mendoza ofrece una amplia variedad de tours que te permiten explorar sus paisajes naturales, vi\u00f1edos, monta\u00f1as y m\u00e1s. Conoce los tipos de turismo que podes hacer en Mendoza en los diversos escenarios que te propone nuestra amada tierra. \u00a1\u00a1An\u00edmese a descubrir su Experiencia Mi viaje a Mendoza!!<\/p>\n","protected":false},"excerpt":{"rendered":"<p>Mendoza ofrece una amplia variedad de tours que te permiten explorar sus paisajes naturales, vi\u00f1edos, monta\u00f1as y m\u00e1s. Conoce los tipos de turismo que podes hacer en Mendoza en los diversos escenarios que te propone nuestra amada tierra. \u00a1\u00a1An\u00edmese a descubrir su Experiencia Mi viaje &hellip; <\/p>\n","protected":false},"author":1,"featured_media":1750,"parent":0,"menu_order":0,"comment_status":"closed","ping_status":"closed","template":"templates\/template-trip_types.php","meta":{"footnotes":""},"class_list":["post-158","page","type-page","status-publish","has-post-thumbnail","hentry"],"_links":{"self":[{"href":"https:\/\/miviajeamendoza.com\/index.php\/wp-json\/wp\/v2\/pages\/158","targetHints":{"allow":["GET"]}}],"collection":[{"href":"https:\/\/miviajeamendoza.com\/index.php\/wp-json\/wp\/v2\/pages"}],"about":[{"href":"https:\/\/miviajeamendoza.com\/index.php\/wp-json\/wp\/v2\/types\/page"}],"author":[{"embeddable":true,"href":"https:\/\/miviajeamendoza.com\/index.php\/wp-json\/wp\/v2\/users\/1"}],"replies":[{"embeddable":true,"href":"https:\/\/miviajeamendoza.com\/index.php\/wp-json\/wp\/v2\/comments?post=158"}],"version-history":[{"count":5,"href":"https:\/\/miviajeamendoza.com\/index.php\/wp-json\/wp\/v2\/pages\/158\/revisions"}],"predecessor-version":[{"id":11442,"href":"https:\/\/miviajeamendoza.com\/index.php\/wp-json\/wp\/v2\/pages\/158\/revisions\/11442"}],"wp:featuredmedia":[{"embeddable":true,"href":"https:\/\/miviajeamendoza.com\/index.php\/wp-json\/wp\/v2\/media\/1750"}],"wp:attachment":[{"href":"https:\/\/miviajeamendoza.com\/index.php\/wp-json\/wp\/v2\/media?parent=158"}],"curies":[{"name":"wp","href":"https:\/\/api.w.org\/{rel}","templated":true}]}}