{"id":156,"date":"2017-11-13T05:35:53","date_gmt":"2017-11-13T05:35:53","guid":{"rendered":"https:\/\/raratheme.com\/preview\/travel-agency-pro\/?page_id=156"},"modified":"2023-10-25T11:28:10","modified_gmt":"2023-10-25T14:28:10","slug":"activities-2","status":"publish","type":"page","link":"https:\/\/miviajeamendoza.com\/index.php\/activities-2\/","title":{"rendered":"Actividades"},"content":{"rendered":"\n<p>Mendoza los recibe para vivir una experiencia \u00fanica rodeado de paisajes naturales incre\u00edbles! Desde peque\u00f1os pueblos hacia grandes fincas y vi\u00f1edos con arquitectura inmersa en el imponente recuadro de la Cordillera de los Andes. <\/p>\n\n\n\n<p>Te presentamos las actividades, tours y aventuras que puedes realizar con Mi Viaje a Mendoza.<\/p>\n","protected":false},"excerpt":{"rendered":"<p>Mendoza los recibe para vivir una experiencia \u00fanica rodeado de paisajes naturales incre\u00edbles! Desde peque\u00f1os pueblos hacia grandes fincas y vi\u00f1edos con arquitectura inmersa en el imponente recuadro de la Cordillera de los Andes. Te presentamos las actividades, tours y aventuras que puedes realizar con &hellip; <\/p>\n","protected":false},"author":1,"featured_media":10814,"parent":0,"menu_order":0,"comment_status":"closed","ping_status":"closed","template":"templates\/template-activities.php","meta":{"footnotes":""},"class_list":["post-156","page","type-page","status-publish","has-post-thumbnail","hentry"],"_links":{"self":[{"href":"https:\/\/miviajeamendoza.com\/index.php\/wp-json\/wp\/v2\/pages\/156","targetHints":{"allow":["GET"]}}],"collection":[{"href":"https:\/\/miviajeamendoza.com\/index.php\/wp-json\/wp\/v2\/pages"}],"about":[{"href":"https:\/\/miviajeamendoza.com\/index.php\/wp-json\/wp\/v2\/types\/page"}],"author":[{"embeddable":true,"href":"https:\/\/miviajeamendoza.com\/index.php\/wp-json\/wp\/v2\/users\/1"}],"replies":[{"embeddable":true,"href":"https:\/\/miviajeamendoza.com\/index.php\/wp-json\/wp\/v2\/comments?post=156"}],"version-history":[{"count":2,"href":"https:\/\/miviajeamendoza.com\/index.php\/wp-json\/wp\/v2\/pages\/156\/revisions"}],"predecessor-version":[{"id":10898,"href":"https:\/\/miviajeamendoza.com\/index.php\/wp-json\/wp\/v2\/pages\/156\/revisions\/10898"}],"wp:featuredmedia":[{"embeddable":true,"href":"https:\/\/miviajeamendoza.com\/index.php\/wp-json\/wp\/v2\/media\/10814"}],"wp:attachment":[{"href":"https:\/\/miviajeamendoza.com\/index.php\/wp-json\/wp\/v2\/media?parent=156"}],"curies":[{"name":"wp","href":"https:\/\/api.w.org\/{rel}","templated":true}]}}