{"id":11241,"date":"2023-12-10T14:22:05","date_gmt":"2023-12-10T17:22:05","guid":{"rendered":"https:\/\/dev.miviajeamendoza.com\/?page_id=11241"},"modified":"2024-10-12T15:56:34","modified_gmt":"2024-10-12T18:56:34","slug":"arme-su-experiencia-mi-viaje-a-mendoza","status":"publish","type":"page","link":"https:\/\/miviajeamendoza.com\/index.php\/arme-su-experiencia-mi-viaje-a-mendoza\/","title":{"rendered":"Arme su experiencia Mi viaje a Mendoza."},"content":{"rendered":"\n<p>\u00bfC\u00f3mo planificar mis d\u00edas de paseos en Mendoza? Lea nuestras recomendaciones y consejos. <\/p>\n\n\n\n<p class=\"has-black-color has-text-color has-background has-link-color wp-elements-31a25c07fdf8dd1ce5e861da01380f23\" style=\"background-color:#b3e2ff\">El primer paso para poder organizar su pr\u00f3xima estad\u00eda en la provincia de Mendoza es <strong>entrar en contacto <\/strong>con nuestra agencia Mi viaje a Mendoza! Puede contactarse con nuestros asesores de viajes ya sea por mail, por mensaje de WhatsApp o por llamada telef\u00f3nica. <strong><a href=\"https:\/\/miviajeamendoza.com\/index.php\/contact-us\/\" data-type=\"link\" data-id=\"https:\/\/dev.miviajeamendoza.com\/index.php\/contact-us\/\">Para contactarse haga clic aqu\u00ed<\/a>.<\/strong><br><\/p>\n\n\n\n<p class=\"has-black-color has-text-color has-background has-link-color wp-elements-da9eea75ce1d0d8e503a8aaf10681327\" style=\"background-color:#96f9d1\">Una vez que se comunic\u00f3 con nosotros, en la brevedad recibir\u00e1 respuesta y comenzaremos a hacerles algunas preguntas para conocer <strong>cu\u00e1les son sus intereses, gustos y preferencias<\/strong>. De esta manera, le brindaremos las opciones de experiencias que m\u00e1s se amolden a sus expectativas. Si\u00e9ntase libre de hacer preguntas y quitarse sus dudas, le responderemos y guiaremos mediante recomendaciones y brind\u00e1ndole la informaci\u00f3n que necesita saber. <\/p>\n\n\n\n<p class=\"has-black-color has-text-color has-background has-link-color wp-elements-4e541dbff9b76ed73f2fb18f94e44ca9\" style=\"background-color:#ffcd42cf\">Una vez que la propuesta de itinerario est\u00e1 hecha, le recomendamos leer<strong> lo que est\u00e1 incluido, las condiciones generales y formas de pago<\/strong>. Es muy importante que toda modificaci\u00f3n o cambios que desee realizar lo comunique al asesor de Mi viaje a Mendoza para poder consultar y modificar el itinerario con tiempo para que todo en su estad\u00eda salga bien. <\/p>\n\n\n\n<p class=\"has-black-color has-blush-light-purple-gradient-background has-text-color has-background has-link-color wp-elements-647b96290d97fb209e83edf6d26080e4\">\u00bfListo para armar su experiencia Mi viaje a Mendoza? No espere m\u00e1s, lo invitamos a vivir momentos inolvidables!<\/p>\n\n\n\n<ul class=\"wp-block-social-links has-visible-labels is-content-justification-space-between is-layout-flex wp-container-core-social-links-is-layout-3d213aab wp-block-social-links-is-layout-flex\"><li class=\"wp-social-link wp-social-link-whatsapp  wp-block-social-link\"><a rel=\"noopener nofollow\" target=\"_blank\" href=\"https:\/\/wa.me\/5492615639760\" class=\"wp-block-social-link-anchor\"><svg width=\"24\" height=\"24\" viewBox=\"0 0 24 24\" version=\"1.1\" xmlns=\"http:\/\/www.w3.org\/2000\/svg\" aria-hidden=\"true\" focusable=\"false\"><path d=\"M 12.011719 2 C 6.5057187 2 2.0234844 6.478375 2.0214844 11.984375 C 2.0204844 13.744375 2.4814687 15.462563 3.3554688 16.976562 L 2 22 L 7.2324219 20.763672 C 8.6914219 21.559672 10.333859 21.977516 12.005859 21.978516 L 12.009766 21.978516 C 17.514766 21.978516 21.995047 17.499141 21.998047 11.994141 C 22.000047 9.3251406 20.962172 6.8157344 19.076172 4.9277344 C 17.190172 3.0407344 14.683719 2.001 12.011719 2 z M 12.009766 4 C 14.145766 4.001 16.153109 4.8337969 17.662109 6.3417969 C 19.171109 7.8517969 20.000047 9.8581875 19.998047 11.992188 C 19.996047 16.396187 16.413812 19.978516 12.007812 19.978516 C 10.674812 19.977516 9.3544062 19.642812 8.1914062 19.007812 L 7.5175781 18.640625 L 6.7734375 18.816406 L 4.8046875 19.28125 L 5.2851562 17.496094 L 5.5019531 16.695312 L 5.0878906 15.976562 C 4.3898906 14.768562 4.0204844 13.387375 4.0214844 11.984375 C 4.0234844 7.582375 7.6067656 4 12.009766 4 z M 8.4765625 7.375 C 8.3095625 7.375 8.0395469 7.4375 7.8105469 7.6875 C 7.5815469 7.9365 6.9355469 8.5395781 6.9355469 9.7675781 C 6.9355469 10.995578 7.8300781 12.182609 7.9550781 12.349609 C 8.0790781 12.515609 9.68175 15.115234 12.21875 16.115234 C 14.32675 16.946234 14.754891 16.782234 15.212891 16.740234 C 15.670891 16.699234 16.690438 16.137687 16.898438 15.554688 C 17.106437 14.971687 17.106922 14.470187 17.044922 14.367188 C 16.982922 14.263188 16.816406 14.201172 16.566406 14.076172 C 16.317406 13.951172 15.090328 13.348625 14.861328 13.265625 C 14.632328 13.182625 14.464828 13.140625 14.298828 13.390625 C 14.132828 13.640625 13.655766 14.201187 13.509766 14.367188 C 13.363766 14.534188 13.21875 14.556641 12.96875 14.431641 C 12.71875 14.305641 11.914938 14.041406 10.960938 13.191406 C 10.218937 12.530406 9.7182656 11.714844 9.5722656 11.464844 C 9.4272656 11.215844 9.5585938 11.079078 9.6835938 10.955078 C 9.7955938 10.843078 9.9316406 10.663578 10.056641 10.517578 C 10.180641 10.371578 10.223641 10.267562 10.306641 10.101562 C 10.389641 9.9355625 10.347156 9.7890625 10.285156 9.6640625 C 10.223156 9.5390625 9.737625 8.3065 9.515625 7.8125 C 9.328625 7.3975 9.131125 7.3878594 8.953125 7.3808594 C 8.808125 7.3748594 8.6425625 7.375 8.4765625 7.375 z\"><\/path><\/svg><span class=\"wp-block-social-link-label\">Escr\u00edbanos<\/span><\/a><\/li>\n\n<li class=\"wp-social-link wp-social-link-mail  wp-block-social-link\"><a rel=\"noopener nofollow\" target=\"_blank\" href=\"mailto:inf&#111;&#064;mi&#118;&#105;aj&#101;&#097;me&#110;d&#111;&#122;a&#046;co&#109;\" class=\"wp-block-social-link-anchor\"><svg width=\"24\" height=\"24\" viewBox=\"0 0 24 24\" version=\"1.1\" xmlns=\"http:\/\/www.w3.org\/2000\/svg\" aria-hidden=\"true\" focusable=\"false\"><path d=\"M19,5H5c-1.1,0-2,.9-2,2v10c0,1.1.9,2,2,2h14c1.1,0,2-.9,2-2V7c0-1.1-.9-2-2-2zm.5,12c0,.3-.2.5-.5.5H5c-.3,0-.5-.2-.5-.5V9.8l7.5,5.6,7.5-5.6V17zm0-9.1L12,13.6,4.5,7.9V7c0-.3.2-.5.5-.5h14c.3,0,.5.2.5.5v.9z\"><\/path><\/svg><span class=\"wp-block-social-link-label\">Env\u00edenos un correo<\/span><\/a><\/li><\/ul>\n","protected":false},"excerpt":{"rendered":"<p>\u00bfC\u00f3mo planificar mis d\u00edas de paseos en Mendoza? Lea nuestras recomendaciones y consejos. El primer paso para poder organizar su pr\u00f3xima estad\u00eda en la provincia de Mendoza es entrar en contacto con nuestra agencia Mi viaje a Mendoza! Puede contactarse con nuestros asesores de viajes &hellip; <\/p>\n","protected":false},"author":1,"featured_media":0,"parent":0,"menu_order":0,"comment_status":"closed","ping_status":"closed","template":"","meta":{"footnotes":""},"class_list":["post-11241","page","type-page","status-publish","hentry"],"_links":{"self":[{"href":"https:\/\/miviajeamendoza.com\/index.php\/wp-json\/wp\/v2\/pages\/11241","targetHints":{"allow":["GET"]}}],"collection":[{"href":"https:\/\/miviajeamendoza.com\/index.php\/wp-json\/wp\/v2\/pages"}],"about":[{"href":"https:\/\/miviajeamendoza.com\/index.php\/wp-json\/wp\/v2\/types\/page"}],"author":[{"embeddable":true,"href":"https:\/\/miviajeamendoza.com\/index.php\/wp-json\/wp\/v2\/users\/1"}],"replies":[{"embeddable":true,"href":"https:\/\/miviajeamendoza.com\/index.php\/wp-json\/wp\/v2\/comments?post=11241"}],"version-history":[{"count":7,"href":"https:\/\/miviajeamendoza.com\/index.php\/wp-json\/wp\/v2\/pages\/11241\/revisions"}],"predecessor-version":[{"id":11497,"href":"https:\/\/miviajeamendoza.com\/index.php\/wp-json\/wp\/v2\/pages\/11241\/revisions\/11497"}],"wp:attachment":[{"href":"https:\/\/miviajeamendoza.com\/index.php\/wp-json\/wp\/v2\/media?parent=11241"}],"curies":[{"name":"wp","href":"https:\/\/api.w.org\/{rel}","templated":true}]}}