{"id":11205,"date":"2023-12-08T13:57:54","date_gmt":"2023-12-08T16:57:54","guid":{"rendered":"https:\/\/dev.miviajeamendoza.com\/?page_id=11205"},"modified":"2025-02-09T13:54:15","modified_gmt":"2025-02-09T16:54:15","slug":"mice","status":"publish","type":"page","link":"https:\/\/miviajeamendoza.com\/index.php\/mice\/","title":{"rendered":"MICE"},"content":{"rendered":"\n<p>En nuestra empresa, nos especializamos en ofrecer soluciones completas y personalizadas para el turismo MICE (Meetings, Incentives, Conventions, and Exhibitions) corporativo. Nos encargamos de la organizaci\u00f3n y desarrollo integral de eventos, convenciones, incentivos y exposiciones, brindando un servicio \u00fanico que se adapta a las necesidades espec\u00edficas de cada cliente. Nuestro enfoque est\u00e1 en garantizar experiencias memorables y eficaces, optimizando cada detalle para asegurar el \u00e9xito de su evento y la satisfacci\u00f3n de los participantes.<\/p>\n\n\n\n<p><strong>Video Evento Grupo BIC  by Mi viaje a Mendoza<\/strong><\/p>\n\n\n\n<figure class=\"wp-block-embed is-type-video is-provider-youtube wp-block-embed-youtube wp-embed-aspect-16-9 wp-has-aspect-ratio\"><div class=\"wp-block-embed__wrapper\">\n<iframe loading=\"lazy\" title=\"Evento BIC - Mi viaje a Mendoza.\" width=\"910\" height=\"512\" src=\"https:\/\/www.youtube.com\/embed\/cpcpxs2itBU?feature=oembed\" frameborder=\"0\" allow=\"accelerometer; autoplay; clipboard-write; encrypted-media; gyroscope; picture-in-picture; web-share\" referrerpolicy=\"strict-origin-when-cross-origin\" allowfullscreen><\/iframe>\n<\/div><\/figure>\n\n\n\n<p>La diversidad de paisajes naturales y culturales de Mendoza crea el entorno perfecto para el turismo de reuniones, ofreciendo una amplia gama de alternativas para la realizaci\u00f3n de eventos. La provincia cuenta con una infraestructura de primer nivel, con salas equipadas para satisfacer las necesidades m\u00e1s exigentes, capaces de albergar simult\u00e1neamente a m\u00e1s de 2.000 asistentes. Adem\u00e1s, Mendoza ofrece una oferta de alojamientos de categor\u00eda superior, con espacios dise\u00f1ados tanto para eventos peque\u00f1os como de gran magnitud. El profesionalismo de los organizadores de congresos, en estrecha colaboraci\u00f3n con los proveedores locales, consolidan a Mendoza como uno de los destinos m\u00e1s destacados para la realizaci\u00f3n de este tipo de actividades.<\/p>\n\n\n\n<p><strong>Video Grupo WEIR-MINERALS 2024 by Mi viaje a Mendoza<\/strong><\/p>\n\n\n\n<figure class=\"wp-block-embed is-type-video is-provider-youtube wp-block-embed-youtube wp-embed-aspect-16-9 wp-has-aspect-ratio\"><div class=\"wp-block-embed__wrapper\">\n<iframe loading=\"lazy\" title=\"Grupo corporativo WEIR VULCO ARGENTINA - Mi viaje a Mendoza.\" width=\"910\" height=\"512\" src=\"https:\/\/www.youtube.com\/embed\/E5aJ7RjLnl8?feature=oembed\" frameborder=\"0\" allow=\"accelerometer; autoplay; clipboard-write; encrypted-media; gyroscope; picture-in-picture; web-share\" referrerpolicy=\"strict-origin-when-cross-origin\" allowfullscreen><\/iframe>\n<\/div><\/figure>\n\n\n\n<p>Si est\u00e1 interesado en organizar un viaje corporativo para su empresa, no dude en ponerse en contacto con nosotros. Estaremos encantados de brindarle toda la informaci\u00f3n y asesoramiento necesario para hacer de su experiencia en Mendoza un \u00e9xito rotundo. Puede comunicarse por correo electr\u00f3nico a santiago@miviajeamendoza.com . <\/p>\n\n\n\n<p><strong>Video Grupo SANOFI 2024 by Mi viaje a Mendoza<\/strong><\/p>\n\n\n\n<figure class=\"wp-block-embed is-type-video is-provider-youtube wp-block-embed-youtube wp-embed-aspect-16-9 wp-has-aspect-ratio\"><div class=\"wp-block-embed__wrapper\">\n<iframe loading=\"lazy\" title=\"Mendoza, tu destino para eventos y congresos. Grupo SANOFI.\" width=\"910\" height=\"512\" src=\"https:\/\/www.youtube.com\/embed\/BYIrJGy0-vU?feature=oembed\" frameborder=\"0\" allow=\"accelerometer; autoplay; clipboard-write; encrypted-media; gyroscope; picture-in-picture; web-share\" referrerpolicy=\"strict-origin-when-cross-origin\" allowfullscreen><\/iframe>\n<\/div><\/figure>\n\n\n\n<p>Para mantenerse al tanto de nuestras novedades, los invitamos a seguirnos en nuestras redes sociales. Estaremos compartiendo actualizaciones, inspiraci\u00f3n y todas las novedades relacionadas con el turismo en Mendoza. \u00a1S\u00edganos y forme parte de nuestra comunidad!<\/p>\n\n\n\n<ul class=\"wp-block-social-links is-layout-flex wp-block-social-links-is-layout-flex\"><li class=\"wp-social-link wp-social-link-youtube  wp-block-social-link\"><a href=\"https:\/\/www.youtube.com\/@MiviajeaMendoza\" class=\"wp-block-social-link-anchor\"><svg width=\"24\" height=\"24\" viewBox=\"0 0 24 24\" version=\"1.1\" xmlns=\"http:\/\/www.w3.org\/2000\/svg\" aria-hidden=\"true\" focusable=\"false\"><path d=\"M21.8,8.001c0,0-0.195-1.378-0.795-1.985c-0.76-0.797-1.613-0.801-2.004-0.847c-2.799-0.202-6.997-0.202-6.997-0.202 h-0.009c0,0-4.198,0-6.997,0.202C4.608,5.216,3.756,5.22,2.995,6.016C2.395,6.623,2.2,8.001,2.2,8.001S2,9.62,2,11.238v1.517 c0,1.618,0.2,3.237,0.2,3.237s0.195,1.378,0.795,1.985c0.761,0.797,1.76,0.771,2.205,0.855c1.6,0.153,6.8,0.201,6.8,0.201 s4.203-0.006,7.001-0.209c0.391-0.047,1.243-0.051,2.004-0.847c0.6-0.607,0.795-1.985,0.795-1.985s0.2-1.618,0.2-3.237v-1.517 C22,9.62,21.8,8.001,21.8,8.001z M9.935,14.594l-0.001-5.62l5.404,2.82L9.935,14.594z\"><\/path><\/svg><span class=\"wp-block-social-link-label screen-reader-text\">YouTube<\/span><\/a><\/li>\n\n<li class=\"wp-social-link wp-social-link-instagram  wp-block-social-link\"><a href=\"https:\/\/www.instagram.com\/miviajeamendoza\/\" class=\"wp-block-social-link-anchor\"><svg width=\"24\" height=\"24\" viewBox=\"0 0 24 24\" version=\"1.1\" xmlns=\"http:\/\/www.w3.org\/2000\/svg\" aria-hidden=\"true\" focusable=\"false\"><path d=\"M12,4.622c2.403,0,2.688,0.009,3.637,0.052c0.877,0.04,1.354,0.187,1.671,0.31c0.42,0.163,0.72,0.358,1.035,0.673 c0.315,0.315,0.51,0.615,0.673,1.035c0.123,0.317,0.27,0.794,0.31,1.671c0.043,0.949,0.052,1.234,0.052,3.637 s-0.009,2.688-0.052,3.637c-0.04,0.877-0.187,1.354-0.31,1.671c-0.163,0.42-0.358,0.72-0.673,1.035 c-0.315,0.315-0.615,0.51-1.035,0.673c-0.317,0.123-0.794,0.27-1.671,0.31c-0.949,0.043-1.233,0.052-3.637,0.052 s-2.688-0.009-3.637-0.052c-0.877-0.04-1.354-0.187-1.671-0.31c-0.42-0.163-0.72-0.358-1.035-0.673 c-0.315-0.315-0.51-0.615-0.673-1.035c-0.123-0.317-0.27-0.794-0.31-1.671C4.631,14.688,4.622,14.403,4.622,12 s0.009-2.688,0.052-3.637c0.04-0.877,0.187-1.354,0.31-1.671c0.163-0.42,0.358-0.72,0.673-1.035 c0.315-0.315,0.615-0.51,1.035-0.673c0.317-0.123,0.794-0.27,1.671-0.31C9.312,4.631,9.597,4.622,12,4.622 M12,3 C9.556,3,9.249,3.01,8.289,3.054C7.331,3.098,6.677,3.25,6.105,3.472C5.513,3.702,5.011,4.01,4.511,4.511 c-0.5,0.5-0.808,1.002-1.038,1.594C3.25,6.677,3.098,7.331,3.054,8.289C3.01,9.249,3,9.556,3,12c0,2.444,0.01,2.751,0.054,3.711 c0.044,0.958,0.196,1.612,0.418,2.185c0.23,0.592,0.538,1.094,1.038,1.594c0.5,0.5,1.002,0.808,1.594,1.038 c0.572,0.222,1.227,0.375,2.185,0.418C9.249,20.99,9.556,21,12,21s2.751-0.01,3.711-0.054c0.958-0.044,1.612-0.196,2.185-0.418 c0.592-0.23,1.094-0.538,1.594-1.038c0.5-0.5,0.808-1.002,1.038-1.594c0.222-0.572,0.375-1.227,0.418-2.185 C20.99,14.751,21,14.444,21,12s-0.01-2.751-0.054-3.711c-0.044-0.958-0.196-1.612-0.418-2.185c-0.23-0.592-0.538-1.094-1.038-1.594 c-0.5-0.5-1.002-0.808-1.594-1.038c-0.572-0.222-1.227-0.375-2.185-0.418C14.751,3.01,14.444,3,12,3L12,3z M12,7.378 c-2.552,0-4.622,2.069-4.622,4.622S9.448,16.622,12,16.622s4.622-2.069,4.622-4.622S14.552,7.378,12,7.378z M12,15 c-1.657,0-3-1.343-3-3s1.343-3,3-3s3,1.343,3,3S13.657,15,12,15z M16.804,6.116c-0.596,0-1.08,0.484-1.08,1.08 s0.484,1.08,1.08,1.08c0.596,0,1.08-0.484,1.08-1.08S17.401,6.116,16.804,6.116z\"><\/path><\/svg><span class=\"wp-block-social-link-label screen-reader-text\">Instagram<\/span><\/a><\/li>\n\n<li class=\"wp-social-link wp-social-link-facebook  wp-block-social-link\"><a href=\"https:\/\/www.facebook.com\/miviajeamendoza\/\" class=\"wp-block-social-link-anchor\"><svg width=\"24\" height=\"24\" viewBox=\"0 0 24 24\" version=\"1.1\" xmlns=\"http:\/\/www.w3.org\/2000\/svg\" aria-hidden=\"true\" focusable=\"false\"><path d=\"M12 2C6.5 2 2 6.5 2 12c0 5 3.7 9.1 8.4 9.9v-7H7.9V12h2.5V9.8c0-2.5 1.5-3.9 3.8-3.9 1.1 0 2.2.2 2.2.2v2.5h-1.3c-1.2 0-1.6.8-1.6 1.6V12h2.8l-.4 2.9h-2.3v7C18.3 21.1 22 17 22 12c0-5.5-4.5-10-10-10z\"><\/path><\/svg><span class=\"wp-block-social-link-label screen-reader-text\">Facebook<\/span><\/a><\/li>\n\n<li class=\"wp-social-link wp-social-link-linkedin  wp-block-social-link\"><a href=\"https:\/\/www.linkedin.com\/company\/mi-viaje-a-mendoza\/%20\" class=\"wp-block-social-link-anchor\"><svg width=\"24\" height=\"24\" viewBox=\"0 0 24 24\" version=\"1.1\" xmlns=\"http:\/\/www.w3.org\/2000\/svg\" aria-hidden=\"true\" focusable=\"false\"><path d=\"M19.7,3H4.3C3.582,3,3,3.582,3,4.3v15.4C3,20.418,3.582,21,4.3,21h15.4c0.718,0,1.3-0.582,1.3-1.3V4.3 C21,3.582,20.418,3,19.7,3z M8.339,18.338H5.667v-8.59h2.672V18.338z M7.004,8.574c-0.857,0-1.549-0.694-1.549-1.548 c0-0.855,0.691-1.548,1.549-1.548c0.854,0,1.547,0.694,1.547,1.548C8.551,7.881,7.858,8.574,7.004,8.574z M18.339,18.338h-2.669 v-4.177c0-0.996-0.017-2.278-1.387-2.278c-1.389,0-1.601,1.086-1.601,2.206v4.249h-2.667v-8.59h2.559v1.174h0.037 c0.356-0.675,1.227-1.387,2.526-1.387c2.703,0,3.203,1.779,3.203,4.092V18.338z\"><\/path><\/svg><span class=\"wp-block-social-link-label screen-reader-text\">LinkedIn<\/span><\/a><\/li><\/ul>\n\n\n\n\n","protected":false},"excerpt":{"rendered":"<p>En nuestra empresa, nos especializamos en ofrecer soluciones completas y personalizadas para el turismo MICE (Meetings, Incentives, Conventions, and Exhibitions) corporativo. Nos encargamos de la organizaci\u00f3n y desarrollo integral de eventos, convenciones, incentivos y exposiciones, brindando un servicio \u00fanico que se adapta a las necesidades &hellip; <\/p>\n","protected":false},"author":1,"featured_media":11489,"parent":0,"menu_order":0,"comment_status":"closed","ping_status":"closed","template":"","meta":{"footnotes":""},"class_list":["post-11205","page","type-page","status-publish","has-post-thumbnail","hentry"],"_links":{"self":[{"href":"https:\/\/miviajeamendoza.com\/index.php\/wp-json\/wp\/v2\/pages\/11205","targetHints":{"allow":["GET"]}}],"collection":[{"href":"https:\/\/miviajeamendoza.com\/index.php\/wp-json\/wp\/v2\/pages"}],"about":[{"href":"https:\/\/miviajeamendoza.com\/index.php\/wp-json\/wp\/v2\/types\/page"}],"author":[{"embeddable":true,"href":"https:\/\/miviajeamendoza.com\/index.php\/wp-json\/wp\/v2\/users\/1"}],"replies":[{"embeddable":true,"href":"https:\/\/miviajeamendoza.com\/index.php\/wp-json\/wp\/v2\/comments?post=11205"}],"version-history":[{"count":8,"href":"https:\/\/miviajeamendoza.com\/index.php\/wp-json\/wp\/v2\/pages\/11205\/revisions"}],"predecessor-version":[{"id":11519,"href":"https:\/\/miviajeamendoza.com\/index.php\/wp-json\/wp\/v2\/pages\/11205\/revisions\/11519"}],"wp:featuredmedia":[{"embeddable":true,"href":"https:\/\/miviajeamendoza.com\/index.php\/wp-json\/wp\/v2\/media\/11489"}],"wp:attachment":[{"href":"https:\/\/miviajeamendoza.com\/index.php\/wp-json\/wp\/v2\/media?parent=11205"}],"curies":[{"name":"wp","href":"https:\/\/api.w.org\/{rel}","templated":true}]}}